{"id":17407,"date":"2024-01-04T11:20:34","date_gmt":"2024-01-04T16:20:34","guid":{"rendered":"https:\/\/pennhorseracing.com\/inicio-2\/"},"modified":"2024-04-17T14:02:44","modified_gmt":"2024-04-17T18:02:44","slug":"inicio-2","status":"publish","type":"page","link":"https:\/\/pennhorseracing.com\/es\/","title":{"rendered":"Inicio"},"content":{"rendered":"","protected":false},"excerpt":{"rendered":"","protected":false},"author":78,"featured_media":0,"parent":0,"menu_order":0,"comment_status":"closed","ping_status":"closed","template":"page-home-2023.php","meta":{"_acf_changed":false,"footnotes":""},"class_list":["post-17407","page","type-page","status-publish","hentry"],"acf":[],"yoast_head":"<!-- This site is optimized with the Yoast SEO plugin v27.3 - https:\/\/yoast.com\/product\/yoast-seo-wordpress\/ -->\n<title>Asociaci\u00f3n de Carreras de Caballos de Pensilvania<\/title>\n<meta name=\"description\" content=\"La PHRA - la fuente m\u00e1s completa de noticias sobre carrerasde caballos, hip\u00f3dromos, eventos e informaci\u00f3n sobre cr\u00eda de caballos en Pensilvania.\" \/>\n<meta name=\"robots\" content=\"index, follow, max-snippet:-1, max-image-preview:large, max-video-preview:-1\" \/>\n<link rel=\"canonical\" href=\"https:\/\/pennhorseracing.com\/es\/\" \/>\n<meta property=\"og:locale\" content=\"es_ES\" \/>\n<meta property=\"og:type\" content=\"article\" \/>\n<meta property=\"og:title\" content=\"Asociaci\u00f3n de Carreras de Caballos de Pensilvania\" \/>\n<meta property=\"og:description\" content=\"La PHRA - la fuente m\u00e1s completa de noticias sobre carrerasde caballos, hip\u00f3dromos, eventos e informaci\u00f3n sobre cr\u00eda de caballos en Pensilvania.\" \/>\n<meta property=\"og:url\" content=\"https:\/\/pennhorseracing.com\/es\/\" \/>\n<meta property=\"og:site_name\" content=\"The Pennsylvania Horse Racing Association\" \/>\n<meta property=\"article:modified_time\" content=\"2024-04-17T18:02:44+00:00\" \/>\n<meta name=\"twitter:card\" content=\"summary_large_image\" \/>\n<script type=\"application\/ld+json\" class=\"yoast-schema-graph\">{\"@context\":\"https:\\\/\\\/schema.org\",\"@graph\":[{\"@type\":\"WebPage\",\"@id\":\"https:\\\/\\\/pennhorseracing.com\\\/es\\\/\",\"url\":\"https:\\\/\\\/pennhorseracing.com\\\/es\\\/\",\"name\":\"Asociaci\u00f3n de Carreras de Caballos de Pensilvania\",\"isPartOf\":{\"@id\":\"https:\\\/\\\/pennhorseracing.com\\\/#website\"},\"datePublished\":\"2024-01-04T16:20:34+00:00\",\"dateModified\":\"2024-04-17T18:02:44+00:00\",\"description\":\"La PHRA - la fuente m\u00e1s completa de noticias sobre carrerasde caballos, hip\u00f3dromos, eventos e informaci\u00f3n sobre cr\u00eda de caballos en Pensilvania.\",\"breadcrumb\":{\"@id\":\"https:\\\/\\\/pennhorseracing.com\\\/es\\\/#breadcrumb\"},\"inLanguage\":\"es\",\"potentialAction\":[{\"@type\":\"ReadAction\",\"target\":[\"https:\\\/\\\/pennhorseracing.com\\\/es\\\/\"]}]},{\"@type\":\"BreadcrumbList\",\"@id\":\"https:\\\/\\\/pennhorseracing.com\\\/es\\\/#breadcrumb\",\"itemListElement\":[{\"@type\":\"ListItem\",\"position\":1,\"name\":\"Home\",\"item\":\"https:\\\/\\\/pennhorseracing.com\\\/es\\\/\"},{\"@type\":\"ListItem\",\"position\":2,\"name\":\"Inicio\"}]},{\"@type\":\"WebSite\",\"@id\":\"https:\\\/\\\/pennhorseracing.com\\\/#website\",\"url\":\"https:\\\/\\\/pennhorseracing.com\\\/\",\"name\":\"The Pennsylvania Horse Racing Association\",\"description\":\"\",\"publisher\":{\"@id\":\"https:\\\/\\\/pennhorseracing.com\\\/#organization\"},\"potentialAction\":[{\"@type\":\"SearchAction\",\"target\":{\"@type\":\"EntryPoint\",\"urlTemplate\":\"https:\\\/\\\/pennhorseracing.com\\\/?s={search_term_string}\"},\"query-input\":{\"@type\":\"PropertyValueSpecification\",\"valueRequired\":true,\"valueName\":\"search_term_string\"}}],\"inLanguage\":\"es\"},{\"@type\":\"Organization\",\"@id\":\"https:\\\/\\\/pennhorseracing.com\\\/#organization\",\"name\":\"The Pennsylvania Horse Racing Association\",\"url\":\"https:\\\/\\\/pennhorseracing.com\\\/\",\"logo\":{\"@type\":\"ImageObject\",\"inLanguage\":\"es\",\"@id\":\"https:\\\/\\\/pennhorseracing.com\\\/#\\\/schema\\\/logo\\\/image\\\/\",\"url\":\"https:\\\/\\\/dev-phra-full.pantheonsite.io\\\/wp-content\\\/uploads\\\/2018\\\/11\\\/logo.png\",\"contentUrl\":\"https:\\\/\\\/dev-phra-full.pantheonsite.io\\\/wp-content\\\/uploads\\\/2018\\\/11\\\/logo.png\",\"width\":259,\"height\":117,\"caption\":\"The Pennsylvania Horse Racing Association\"},\"image\":{\"@id\":\"https:\\\/\\\/pennhorseracing.com\\\/#\\\/schema\\\/logo\\\/image\\\/\"}}]}<\/script>\n<!-- \/ Yoast SEO plugin. -->","yoast_head_json":{"title":"Asociaci\u00f3n de Carreras de Caballos de Pensilvania","description":"La PHRA - la fuente m\u00e1s completa de noticias sobre carrerasde caballos, hip\u00f3dromos, eventos e informaci\u00f3n sobre cr\u00eda de caballos en Pensilvania.","robots":{"index":"index","follow":"follow","max-snippet":"max-snippet:-1","max-image-preview":"max-image-preview:large","max-video-preview":"max-video-preview:-1"},"canonical":"https:\/\/pennhorseracing.com\/es\/","og_locale":"es_ES","og_type":"article","og_title":"Asociaci\u00f3n de Carreras de Caballos de Pensilvania","og_description":"La PHRA - la fuente m\u00e1s completa de noticias sobre carrerasde caballos, hip\u00f3dromos, eventos e informaci\u00f3n sobre cr\u00eda de caballos en Pensilvania.","og_url":"https:\/\/pennhorseracing.com\/es\/","og_site_name":"The Pennsylvania Horse Racing Association","article_modified_time":"2024-04-17T18:02:44+00:00","twitter_card":"summary_large_image","schema":{"@context":"https:\/\/schema.org","@graph":[{"@type":"WebPage","@id":"https:\/\/pennhorseracing.com\/es\/","url":"https:\/\/pennhorseracing.com\/es\/","name":"Asociaci\u00f3n de Carreras de Caballos de Pensilvania","isPartOf":{"@id":"https:\/\/pennhorseracing.com\/#website"},"datePublished":"2024-01-04T16:20:34+00:00","dateModified":"2024-04-17T18:02:44+00:00","description":"La PHRA - la fuente m\u00e1s completa de noticias sobre carrerasde caballos, hip\u00f3dromos, eventos e informaci\u00f3n sobre cr\u00eda de caballos en Pensilvania.","breadcrumb":{"@id":"https:\/\/pennhorseracing.com\/es\/#breadcrumb"},"inLanguage":"es","potentialAction":[{"@type":"ReadAction","target":["https:\/\/pennhorseracing.com\/es\/"]}]},{"@type":"BreadcrumbList","@id":"https:\/\/pennhorseracing.com\/es\/#breadcrumb","itemListElement":[{"@type":"ListItem","position":1,"name":"Home","item":"https:\/\/pennhorseracing.com\/es\/"},{"@type":"ListItem","position":2,"name":"Inicio"}]},{"@type":"WebSite","@id":"https:\/\/pennhorseracing.com\/#website","url":"https:\/\/pennhorseracing.com\/","name":"The Pennsylvania Horse Racing Association","description":"","publisher":{"@id":"https:\/\/pennhorseracing.com\/#organization"},"potentialAction":[{"@type":"SearchAction","target":{"@type":"EntryPoint","urlTemplate":"https:\/\/pennhorseracing.com\/?s={search_term_string}"},"query-input":{"@type":"PropertyValueSpecification","valueRequired":true,"valueName":"search_term_string"}}],"inLanguage":"es"},{"@type":"Organization","@id":"https:\/\/pennhorseracing.com\/#organization","name":"The Pennsylvania Horse Racing Association","url":"https:\/\/pennhorseracing.com\/","logo":{"@type":"ImageObject","inLanguage":"es","@id":"https:\/\/pennhorseracing.com\/#\/schema\/logo\/image\/","url":"https:\/\/dev-phra-full.pantheonsite.io\/wp-content\/uploads\/2018\/11\/logo.png","contentUrl":"https:\/\/dev-phra-full.pantheonsite.io\/wp-content\/uploads\/2018\/11\/logo.png","width":259,"height":117,"caption":"The Pennsylvania Horse Racing Association"},"image":{"@id":"https:\/\/pennhorseracing.com\/#\/schema\/logo\/image\/"}}]}},"rttpg_featured_image_url":null,"rttpg_author":{"display_name":"Team Coal","author_link":"https:\/\/pennhorseracing.com\/es\/author\/teamcoal\/"},"rttpg_comment":0,"rttpg_category":" <a href=\"https:\/\/pennhorseracing.com\/es\/?taxonomy=translation_priority&#038;term=opcional\" rel=\"tag\">Opcional<\/a>","rttpg_excerpt":null,"_links":{"self":[{"href":"https:\/\/pennhorseracing.com\/es\/wp-json\/wp\/v2\/pages\/17407","targetHints":{"allow":["GET"]}}],"collection":[{"href":"https:\/\/pennhorseracing.com\/es\/wp-json\/wp\/v2\/pages"}],"about":[{"href":"https:\/\/pennhorseracing.com\/es\/wp-json\/wp\/v2\/types\/page"}],"author":[{"embeddable":true,"href":"https:\/\/pennhorseracing.com\/es\/wp-json\/wp\/v2\/users\/78"}],"replies":[{"embeddable":true,"href":"https:\/\/pennhorseracing.com\/es\/wp-json\/wp\/v2\/comments?post=17407"}],"version-history":[{"count":13,"href":"https:\/\/pennhorseracing.com\/es\/wp-json\/wp\/v2\/pages\/17407\/revisions"}],"predecessor-version":[{"id":18381,"href":"https:\/\/pennhorseracing.com\/es\/wp-json\/wp\/v2\/pages\/17407\/revisions\/18381"}],"wp:attachment":[{"href":"https:\/\/pennhorseracing.com\/es\/wp-json\/wp\/v2\/media?parent=17407"}],"curies":[{"name":"wp","href":"https:\/\/api.w.org\/{rel}","templated":true}]}}